{"id":1697,"date":"2025-10-24T14:28:43","date_gmt":"2025-10-24T14:28:43","guid":{"rendered":"https:\/\/rights4kids.lu\/weltkannerdag\/"},"modified":"2026-01-04T22:16:42","modified_gmt":"2026-01-04T22:16:42","slug":"weltkannerdag","status":"publish","type":"page","link":"https:\/\/rights4kids.lu\/lu\/weltkannerdag\/","title":{"rendered":"Weltkannerdag"},"content":{"rendered":"\n\t<div class=\"img has-hover x md-x lg-x y md-y lg-y\" id=\"image_403955604\">\n\t\t\t\t\t\t\t\t<div class=\"img-inner dark\" style=\"margin:0px 0px 0px 0px;\">\n\t\t\t<img loading=\"lazy\" decoding=\"async\" width=\"1020\" height=\"364\" src=\"https:\/\/rights4kids.lu\/wp-content\/uploads\/2025\/10\/banner_weltkannerdag_v1.jpg\" class=\"attachment-large size-large\" alt=\"\" srcset=\"https:\/\/rights4kids.lu\/wp-content\/uploads\/2025\/10\/banner_weltkannerdag_v1.jpg 1300w, https:\/\/rights4kids.lu\/wp-content\/uploads\/2025\/10\/banner_weltkannerdag_v1-800x286.jpg 800w, https:\/\/rights4kids.lu\/wp-content\/uploads\/2025\/10\/banner_weltkannerdag_v1-768x274.jpg 768w\" sizes=\"auto, (max-width: 1020px) 100vw, 1020px\" \/>\t\t\t\t\t\t\n\t\t\t\t\t<\/div>\n\t\t\t\t\t\t\t\t\n<style>\n#image_403955604 {\n  width: 100%;\n}\n<\/style>\n\t<\/div>\n\t\n\n\n\t<section class=\"section\" id=\"section_456882790\">\n\t\t<div class=\"section-bg fill\" >\n\t\t\t\t\t\t\t\t\t\n\t\t\t\n\n\t\t<\/div>\n\n\t\t\n\n\t\t<div class=\"section-content relative\">\n\t\t\t\n\n\t<div id=\"text-2018039197\" class=\"text\">\n\t\t\n\n<p class=\"lead\" style=\"margin-bottom:0;\">20. November 2025<\/p>\n\t\t\n<style>\n#text-2018039197 {\n  text-align: center;\n  color: rgb(255,255,255);\n}\n#text-2018039197 > * {\n  color: rgb(255,255,255);\n}\n<\/style>\n\t<\/div>\n\t\n\t<div id=\"text-91388215\" class=\"text\">\n\t\t\n\n<h1>Weltkannerdag<\/h1>\n\t\t\n<style>\n#text-91388215 {\n  font-size: 1.7rem;\n  text-align: center;\n  color: rgb(255,255,255);\n}\n#text-91388215 > * {\n  color: rgb(255,255,255);\n}\n<\/style>\n\t<\/div>\n\t\n\t<div id=\"text-928232578\" class=\"text\">\n\t\t\n\n<p><nav class=\"menje-breadcrumbs\" aria-label=\"Breadcrumb\" style=\"color:#ffffff;\"><a href=\"https:\/\/rights4kids.lu\/lu\/\" style=\"color:inherit;text-decoration:none;\">Accueil<\/a><\/nav><\/p>\n\n\t\t\n<style>\n#text-928232578 {\n  text-align: center;\n}\n<\/style>\n\t<\/div>\n\t\n\n\t\t<\/div>\n\n\t\t\n<style>\n#section_456882790 {\n  padding-top: 30px;\n  padding-bottom: 30px;\n  margin-bottom: 32px;\n  background-color: #c43a70;\n}\n<\/style>\n\t<\/section>\n\t\n\n<div class=\"row\"  id=\"row-1163199963\">\n\n\n\t<div id=\"col-433614339\" class=\"col medium-6 small-12 large-6\"  >\n\t\t\t\t<div class=\"col-inner\"  >\n\t\t\t\n\t\t\t\n\n\t<div id=\"text-810093502\" class=\"text\">\n\t\t\n\n<h2>D\u2019Rechter vum Kand \u2013 <br \/>dat geet jiddereen eppes un!<\/h2>\n\t\t\n<style>\n#text-810093502 {\n  font-size: 1.5rem;\n  color: #259b7c;\n}\n#text-810093502 > * {\n  color: #259b7c;\n}\n<\/style>\n\t<\/div>\n\t\n<p>De <strong>Weltkannerdag<\/strong>, deen all Joer den 20. November gefeiert g\u00ebtt, er\u00ebnnert un den Dag, wou d\u2019International Kannerrechtskonventioun 1989 vun der Generalversammlung vun de Vereenten Natiounen ugeholl gouf. D\u00ebs Konventioun, d\u00e9i vu bal allen Natiounen op der Welt ratifiz\u00e9iert gouf, defin\u00e9iert <strong>54 Kannerrechter<\/strong>, dor\u00ebnner d\u2019Recht op Liewen, Gesondheet, Educatioun an op Spill.<\/p>\n<p>De <strong>Minist\u00e8re fir Educatioun, Kanner a Jugend<\/strong> koordin\u00e9iert \u2013 iwwer s\u00e4i <strong>Service des droits de l\u2019enfant<\/strong> \u2013 d\u2019\u00cbmsetzung vun der Konventioun zu L\u00ebtzebuerg. A Kooperatioun mat ville <strong>\u00ebffentlechen a privaten Acteuren<\/strong> setzt hien sech fir d\u2019Promotioun an de Schutz vun de Kannerrechter an allen Ber\u00e4icher vum Alldag an.<\/p>\n<p>All Joer, ronder\u00ebm den 20. November, ginn am ganze Land <strong>vill Aktiounen an Aktivit\u00e9iten<\/strong> organis\u00e9iert, d\u00e9i Kleng a Grouss invit\u00e9ieren, aktiv un der Verdeedegung vun de Kannerrechter matzemaachen:<\/p>\n<p>\ud83c\udfad <strong>Atelieren, Ausstellungen, Konferenzen<\/strong><\/p>\n<p>\ud83c\udfa8 <strong>kreativ Projeten an de Schoulen an an de Bildungs- a Betreiungsstrukturen<\/strong><\/p>\n<p>\ud83c\udf89 <strong>Eventer fir Kleng a Grouss<\/strong><\/p>\n\n\t\t<\/div>\n\t\t\t\t\t<\/div>\n\n\t\n\n\t<div id=\"col-2001237392\" class=\"col medium-6 small-12 large-6\"  >\n\t\t\t\t<div class=\"col-inner\"  >\n\t\t\t\n\t\t\t\n\n\t<div class=\"img has-hover rounded x md-x lg-x y md-y lg-y\" id=\"image_1033836198\">\n\t\t\t\t\t\t\t\t<div class=\"img-inner dark\" >\n\t\t\t<img loading=\"lazy\" decoding=\"async\" width=\"903\" height=\"800\" src=\"https:\/\/rights4kids.lu\/wp-content\/uploads\/2025\/11\/jde_home-903x800.webp\" class=\"attachment-large size-large\" alt=\"\" srcset=\"https:\/\/rights4kids.lu\/wp-content\/uploads\/2025\/11\/jde_home-903x800.webp 903w, https:\/\/rights4kids.lu\/wp-content\/uploads\/2025\/11\/jde_home-452x400.webp 452w, https:\/\/rights4kids.lu\/wp-content\/uploads\/2025\/11\/jde_home-768x680.webp 768w, https:\/\/rights4kids.lu\/wp-content\/uploads\/2025\/11\/jde_home.webp 1016w\" sizes=\"auto, (max-width: 903px) 100vw, 903px\" \/>\t\t\t\t\t\t\n\t\t\t\t\t<\/div>\n\t\t\t\t\t\t\t\t\n<style>\n#image_1033836198 {\n  width: 100%;\n}\n<\/style>\n\t<\/div>\n\t\n\n\n\t\t<\/div>\n\t\t\t\t\t<\/div>\n\n\t\n\n\t<div id=\"col-1512576532\" class=\"col small-12 large-12\"  >\n\t\t\t\t<div class=\"col-inner\"  >\n\t\t\t\n\t\t\t\n\n\t<div id=\"text-478762848\" class=\"text\">\n\t\t\n\n<p class=\"lead\">Deelt <a href=\"https:\/\/rights4kids.lu\/lu\/weltkannerdag\/ar-aktiounen_jde\/\">\u00e4r Aktivit\u00e9iten an \u00e4r Initiativen<\/a> am Kader vun d\u00ebsem Dag<\/p>\n\t\t\n<style>\n#text-478762848 {\n  font-size: 1.5rem;\n  text-align: center;\n}\n<\/style>\n\t<\/div>\n\t\n\n\t\t<\/div>\n\t\t\t\t\t<\/div>\n\n\t\n\n\t<div id=\"col-1215858655\" class=\"col small-12 large-12\"  >\n\t\t\t\t<div class=\"col-inner text-left\"  >\n\t\t\t\n\t\t\t\n\n\n\n<div class=\"els-event-list\"><article class=\"els-event-card\" tabindex=\"0\" role=\"region\" aria-labelledby=\"event-title-863\" data-lat=\"\" data-lng=\"\"><span class=\"sr-only\">Event: Atelier \u00abParlons d\u00e9mocratie : le jeu de cartes\u00bb. Uertschaft: not specified. Datum: no date<\/span><div class=\"els-event-info\"><div class=\"event-category catJournee\">Journ\u00e9e mondiale de l&#039;enfance<\/div><div class=\"event-bottom-content\"><h2 class=\"els-event-title\">Atelier \u00abParlons d\u00e9mocratie : le jeu de cartes\u00bb<\/h2><\/div><\/div><\/article><\/div>\n\n\t<div id=\"gap-1661292793\" class=\"gap-element clearfix\" style=\"display:block; height:auto;\">\n\t\t\n<style>\n#gap-1661292793 {\n  padding-top: 32px;\n}\n<\/style>\n\t<\/div>\n\t\n\n\n\t\t<\/div>\n\t\t\t\t\t<\/div>\n\n\t\n\n\t<div id=\"col-657218671\" class=\"col small-12 large-12\"  >\n\t\t\t\t<div class=\"col-inner text-center\"  >\n\t\t\t\n\t\t\t\n\n<a href=\"https:\/\/rights4kids.lu\/lu\/weltkannerdag\/aktiounsplang_jde\/\" class=\"button primary lowercase\" style=\"border-radius:99px;\">\n\t\t<span>Entdeckt hei all Aktiounen<\/span>\n\t<\/a>\n\n\n\n\t\t<\/div>\n\t\t\t\t\t<\/div>\n\n\t\n\n<\/div>\n\n\t<section class=\"section\" id=\"section_906639224\">\n\t\t<div class=\"section-bg fill\" >\n\t\t\t\t\t\t\t\t\t\n\t\t\t\n\n\t\t<\/div>\n\n\t\t\n\n\t\t<div class=\"section-content relative\">\n\t\t\t\n\n\t<div id=\"text-4266983132\" class=\"text\">\n\t\t\n\n<h2>Staarkrechter.lu<\/h2>\n\t\t\n<style>\n#text-4266983132 {\n  font-size: 2rem;\n  text-align: center;\n  color: rgb(255,255,255);\n}\n#text-4266983132 > * {\n  color: rgb(255,255,255);\n}\n<\/style>\n\t<\/div>\n\t\n\t<div id=\"text-2314420463\" class=\"text\">\n\t\t\n\n<p class=\"lead\">Eng Webs\u00e4it fir d\u2019Kannerrechter bekannt ze maachen<\/p>\n\t\t\n<style>\n#text-2314420463 {\n  text-align: center;\n  color: rgb(255,255,255);\n}\n#text-2314420463 > * {\n  color: rgb(255,255,255);\n}\n<\/style>\n\t<\/div>\n\t\n\n\t\t<\/div>\n\n\t\t\n<style>\n#section_906639224 {\n  padding-top: 30px;\n  padding-bottom: 30px;\n  background-color: rgb(100, 85, 161);\n}\n<\/style>\n\t<\/section>\n\t\n<div class=\"row align-middle\"  id=\"row-2030355138\">\n\n\n\t<div id=\"col-1483798644\" class=\"col medium-6 small-12 large-6\"  >\n\t\t\t\t<div class=\"col-inner\"  >\n\t\t\t\n\t\t\t\n\n\t<div id=\"text-3929880856\" class=\"text\">\n\t\t\n\n<h2>D\u2019Kannerrechter mat engem Klick entdecken!<\/h2>\n\t\t\n<style>\n#text-3929880856 {\n  font-size: 1.5rem;\n  color: #259b7c;\n}\n#text-3929880856 > * {\n  color: #259b7c;\n}\n<\/style>\n\t<\/div>\n\t\n<p>Fir d\u2019Kannerrechter besser kennenzel\u00e9ieren, huet de Minist\u00e8re 2025 d\u2019Webs\u00e4it <a href=\"https:\/\/www.staarkrechter.lu\" target=\"_blank\" rel=\"noopener\">www.staarkrechter.lu<\/a> lanc\u00e9iert.<\/p>\n<p>D\u00ebs S\u00e4it ass op Frans\u00e9isch, D\u00e4itsch, L\u00ebtzebuergesch an Englesch disponibel a riicht sech u Kanner a Jugendlecher t\u00ebscht <strong>6 bis 18 Joer.<\/strong><\/p>\n<p>Als gl\u00e4ichz\u00e4iteg <strong>informativ, pedagogesch an interaktiv<\/strong> Internets\u00e4it konzip\u00e9iert, bitt d\u2019S\u00e4it eng adapt\u00e9iert \u00cbnnerst\u00ebtzung, fir seng Rechter besser ze verstoen, n\u00ebtzlech Ressourcen ze entdecken an aktiv fir hir Verdeedegung zu L\u00ebtzebuerg anzetrieden.<\/p>\n<p>D\u2019S\u00e4it kann als <strong>pedagogeschen Tool<\/strong> an de Klasse vum Enseignement Fondamental a Secondaire benotzt ginn, mee och an <strong>non-formale Bildungsaktivit\u00e9iten.<\/strong> Si ass och doheem eng w\u00e4ertvoll Ressource, d\u00e9i et <strong>Elteren, Familljen a Fr\u00ebnn<\/strong> erlaabt, d\u2019Kannerrechter op eng spilleresch an edukativ Aart unzegoen.<\/p>\n<p>Dir fannt do \u00eb. a. Informatiounen iwwer <strong>d\u2019Geschicht vun de Kannerrechter<\/strong> esou w\u00e9i iwwer <strong>hir Bedeitung an hir \u00cbmsetzung zu L\u00ebtzebuerg.<\/strong><\/p>\n\n\t\t<\/div>\n\t\t\t\t\t<\/div>\n\n\t\n\n\t<div id=\"col-1251892015\" class=\"col medium-6 small-12 large-6\"  >\n\t\t\t\t<div class=\"col-inner\"  >\n\t\t\t\n\t\t\t\n\n\t<div class=\"img has-hover x md-x lg-x y md-y lg-y\" id=\"image_1625611499\">\n\t\t\t\t\t\t\t\t<div class=\"img-inner dark\" >\n\t\t\t<img loading=\"lazy\" decoding=\"async\" width=\"1020\" height=\"591\" src=\"https:\/\/rights4kids.lu\/wp-content\/uploads\/2025\/11\/Page-Staarkrechter.webp\" class=\"attachment-large size-large\" alt=\"\" srcset=\"https:\/\/rights4kids.lu\/wp-content\/uploads\/2025\/11\/Page-Staarkrechter.webp 1366w, https:\/\/rights4kids.lu\/wp-content\/uploads\/2025\/11\/Page-Staarkrechter-691x400.webp 691w, https:\/\/rights4kids.lu\/wp-content\/uploads\/2025\/11\/Page-Staarkrechter-768x445.webp 768w\" sizes=\"auto, (max-width: 1020px) 100vw, 1020px\" \/>\t\t\t\t\t\t\n\t\t\t\t\t<\/div>\n\t\t\t\t\t\t\t\t\n<style>\n#image_1625611499 {\n  width: 100%;\n}\n<\/style>\n\t<\/div>\n\t\n\n\n\t\t<\/div>\n\t\t\t\t\t<\/div>\n\n\t\n\n<\/div>\n\n","protected":false},"excerpt":{"rendered":"","protected":false},"author":1,"featured_media":0,"parent":0,"menu_order":0,"comment_status":"closed","ping_status":"closed","template":"","meta":{"_acf_changed":false,"footnotes":""},"class_list":["post-1697","page","type-page","status-publish","hentry"],"acf":[],"yoast_head":"<!-- This site is optimized with the Yoast SEO plugin v27.0 - https:\/\/yoast.com\/product\/yoast-seo-wordpress\/ -->\n<title>Weltkannerdag - Rights4Kids - Service des droits de l&#039;enfant<\/title>\n<meta name=\"robots\" content=\"index, follow, max-snippet:-1, max-image-preview:large, max-video-preview:-1\" \/>\n<link rel=\"canonical\" href=\"https:\/\/rights4kids.lu\/lu\/weltkannerdag\/\" \/>\n<meta property=\"og:locale\" content=\"en_US\" \/>\n<meta property=\"og:type\" content=\"article\" \/>\n<meta property=\"og:title\" content=\"Weltkannerdag - Rights4Kids - Service des droits de l&#039;enfant\" \/>\n<meta property=\"og:url\" content=\"https:\/\/rights4kids.lu\/lu\/weltkannerdag\/\" \/>\n<meta property=\"og:site_name\" content=\"Rights4Kids\" \/>\n<meta property=\"article:modified_time\" content=\"2026-01-04T22:16:42+00:00\" \/>\n<meta property=\"og:image\" content=\"https:\/\/rights4kids.lu\/wp-content\/uploads\/2025\/07\/main_header_illust.png\" \/>\n\t<meta property=\"og:image:width\" content=\"563\" \/>\n\t<meta property=\"og:image:height\" content=\"479\" \/>\n\t<meta property=\"og:image:type\" content=\"image\/png\" \/>\n<meta name=\"twitter:card\" content=\"summary_large_image\" \/>\n<meta name=\"twitter:label1\" content=\"Est. reading time\" \/>\n\t<meta name=\"twitter:data1\" content=\"3 minutes\" \/>\n<script type=\"application\/ld+json\" class=\"yoast-schema-graph\">{\"@context\":\"https:\/\/schema.org\",\"@graph\":[{\"@type\":\"WebPage\",\"@id\":\"https:\/\/rights4kids.lu\/lu\/weltkannerdag\/\",\"url\":\"https:\/\/rights4kids.lu\/lu\/weltkannerdag\/\",\"name\":\"Weltkannerdag - Rights4Kids - Service des droits de l&#039;enfant\",\"isPartOf\":{\"@id\":\"https:\/\/rights4kids.lu\/lu\/#website\"},\"datePublished\":\"2025-10-24T14:28:43+00:00\",\"dateModified\":\"2026-01-04T22:16:42+00:00\",\"breadcrumb\":{\"@id\":\"https:\/\/rights4kids.lu\/lu\/weltkannerdag\/#breadcrumb\"},\"inLanguage\":\"lb-LU\",\"potentialAction\":[{\"@type\":\"ReadAction\",\"target\":[\"https:\/\/rights4kids.lu\/lu\/weltkannerdag\/\"]}]},{\"@type\":\"BreadcrumbList\",\"@id\":\"https:\/\/rights4kids.lu\/lu\/weltkannerdag\/#breadcrumb\",\"itemListElement\":[{\"@type\":\"ListItem\",\"position\":1,\"name\":\"Home\",\"item\":\"https:\/\/rights4kids.lu\/lu\/home\/\"},{\"@type\":\"ListItem\",\"position\":2,\"name\":\"Weltkannerdag\"}]},{\"@type\":\"WebSite\",\"@id\":\"https:\/\/rights4kids.lu\/lu\/#website\",\"url\":\"https:\/\/rights4kids.lu\/lu\/\",\"name\":\"Minist\u00e8re de l'\u00c9ducation nationale, de l'Enfance et de la Jeunesse\",\"description\":\"Service des droits de l&#039;enfant\",\"publisher\":{\"@id\":\"https:\/\/rights4kids.lu\/lu\/#organization\"},\"potentialAction\":[{\"@type\":\"SearchAction\",\"target\":{\"@type\":\"EntryPoint\",\"urlTemplate\":\"https:\/\/rights4kids.lu\/lu\/?s={search_term_string}\"},\"query-input\":{\"@type\":\"PropertyValueSpecification\",\"valueRequired\":true,\"valueName\":\"search_term_string\"}}],\"inLanguage\":\"lb-LU\"},{\"@type\":\"Organization\",\"@id\":\"https:\/\/rights4kids.lu\/lu\/#organization\",\"name\":\"Minist\u00e8re de l'\u00c9ducation nationale, de l'Enfance et de la Jeunesse\",\"url\":\"https:\/\/rights4kids.lu\/lu\/\",\"logo\":{\"@type\":\"ImageObject\",\"inLanguage\":\"lb-LU\",\"@id\":\"https:\/\/rights4kids.lu\/lu\/#\/schema\/logo\/image\/\",\"url\":\"https:\/\/rights4kids.lu\/wp-content\/uploads\/2025\/07\/gouv_menje_logo_hd.webp\",\"contentUrl\":\"https:\/\/rights4kids.lu\/wp-content\/uploads\/2025\/07\/gouv_menje_logo_hd.webp\",\"width\":600,\"height\":217,\"caption\":\"Minist\u00e8re de l'\u00c9ducation nationale, de l'Enfance et de la Jeunesse\"},\"image\":{\"@id\":\"https:\/\/rights4kids.lu\/lu\/#\/schema\/logo\/image\/\"}}]}<\/script>\n<!-- \/ Yoast SEO plugin. -->","yoast_head_json":{"title":"Weltkannerdag - Rights4Kids - Service des droits de l&#039;enfant","robots":{"index":"index","follow":"follow","max-snippet":"max-snippet:-1","max-image-preview":"max-image-preview:large","max-video-preview":"max-video-preview:-1"},"canonical":"https:\/\/rights4kids.lu\/lu\/weltkannerdag\/","og_locale":"en_US","og_type":"article","og_title":"Weltkannerdag - Rights4Kids - Service des droits de l&#039;enfant","og_url":"https:\/\/rights4kids.lu\/lu\/weltkannerdag\/","og_site_name":"Rights4Kids","article_modified_time":"2026-01-04T22:16:42+00:00","og_image":[{"width":563,"height":479,"url":"https:\/\/rights4kids.lu\/wp-content\/uploads\/2025\/07\/main_header_illust.png","type":"image\/png"}],"twitter_card":"summary_large_image","twitter_misc":{"Est. reading time":"3 minutes"},"schema":{"@context":"https:\/\/schema.org","@graph":[{"@type":"WebPage","@id":"https:\/\/rights4kids.lu\/lu\/weltkannerdag\/","url":"https:\/\/rights4kids.lu\/lu\/weltkannerdag\/","name":"Weltkannerdag - Rights4Kids - Service des droits de l&#039;enfant","isPartOf":{"@id":"https:\/\/rights4kids.lu\/lu\/#website"},"datePublished":"2025-10-24T14:28:43+00:00","dateModified":"2026-01-04T22:16:42+00:00","breadcrumb":{"@id":"https:\/\/rights4kids.lu\/lu\/weltkannerdag\/#breadcrumb"},"inLanguage":"lb-LU","potentialAction":[{"@type":"ReadAction","target":["https:\/\/rights4kids.lu\/lu\/weltkannerdag\/"]}]},{"@type":"BreadcrumbList","@id":"https:\/\/rights4kids.lu\/lu\/weltkannerdag\/#breadcrumb","itemListElement":[{"@type":"ListItem","position":1,"name":"Home","item":"https:\/\/rights4kids.lu\/lu\/home\/"},{"@type":"ListItem","position":2,"name":"Weltkannerdag"}]},{"@type":"WebSite","@id":"https:\/\/rights4kids.lu\/lu\/#website","url":"https:\/\/rights4kids.lu\/lu\/","name":"Minist\u00e8re de l'\u00c9ducation nationale, de l'Enfance et de la Jeunesse","description":"Service des droits de l&#039;enfant","publisher":{"@id":"https:\/\/rights4kids.lu\/lu\/#organization"},"potentialAction":[{"@type":"SearchAction","target":{"@type":"EntryPoint","urlTemplate":"https:\/\/rights4kids.lu\/lu\/?s={search_term_string}"},"query-input":{"@type":"PropertyValueSpecification","valueRequired":true,"valueName":"search_term_string"}}],"inLanguage":"lb-LU"},{"@type":"Organization","@id":"https:\/\/rights4kids.lu\/lu\/#organization","name":"Minist\u00e8re de l'\u00c9ducation nationale, de l'Enfance et de la Jeunesse","url":"https:\/\/rights4kids.lu\/lu\/","logo":{"@type":"ImageObject","inLanguage":"lb-LU","@id":"https:\/\/rights4kids.lu\/lu\/#\/schema\/logo\/image\/","url":"https:\/\/rights4kids.lu\/wp-content\/uploads\/2025\/07\/gouv_menje_logo_hd.webp","contentUrl":"https:\/\/rights4kids.lu\/wp-content\/uploads\/2025\/07\/gouv_menje_logo_hd.webp","width":600,"height":217,"caption":"Minist\u00e8re de l'\u00c9ducation nationale, de l'Enfance et de la Jeunesse"},"image":{"@id":"https:\/\/rights4kids.lu\/lu\/#\/schema\/logo\/image\/"}}]}},"_links":{"self":[{"href":"https:\/\/rights4kids.lu\/lu\/wp-json\/wp\/v2\/pages\/1697","targetHints":{"allow":["GET"]}}],"collection":[{"href":"https:\/\/rights4kids.lu\/lu\/wp-json\/wp\/v2\/pages"}],"about":[{"href":"https:\/\/rights4kids.lu\/lu\/wp-json\/wp\/v2\/types\/page"}],"author":[{"embeddable":true,"href":"https:\/\/rights4kids.lu\/lu\/wp-json\/wp\/v2\/users\/1"}],"replies":[{"embeddable":true,"href":"https:\/\/rights4kids.lu\/lu\/wp-json\/wp\/v2\/comments?post=1697"}],"version-history":[{"count":2,"href":"https:\/\/rights4kids.lu\/lu\/wp-json\/wp\/v2\/pages\/1697\/revisions"}],"predecessor-version":[{"id":1703,"href":"https:\/\/rights4kids.lu\/lu\/wp-json\/wp\/v2\/pages\/1697\/revisions\/1703"}],"wp:attachment":[{"href":"https:\/\/rights4kids.lu\/lu\/wp-json\/wp\/v2\/media?parent=1697"}],"curies":[{"name":"wp","href":"https:\/\/api.w.org\/{rel}","templated":true}]}}