{"id":1565,"date":"2025-09-16T12:54:26","date_gmt":"2025-09-16T12:54:26","guid":{"rendered":"https:\/\/rights4kids.lu\/publikatiounen-ressources\/"},"modified":"2026-01-09T11:35:40","modified_gmt":"2026-01-09T11:35:40","slug":"publikatiounen-ressourcen","status":"publish","type":"page","link":"https:\/\/rights4kids.lu\/lu\/dwoch-vun-der-demokratie\/publikatiounen-ressourcen\/","title":{"rendered":"Publikatiounen &#038; Ressourcen"},"content":{"rendered":"\n\n\t<section class=\"section\" id=\"section_2077264860\">\n\t\t<div class=\"section-bg fill\" >\n\t\t\t\t\t\t\t\t\t\n\t\t\t\n\n\t\t<\/div>\n\n\t\t\n\n\t\t<div class=\"section-content relative\">\n\t\t\t\n\n\t<div id=\"text-3739286742\" class=\"text\">\n\t\t\n\n<p class=\"lead\" style=\"margin-bottom:0;\">Vum 27. bis 31. Oktober 2025<\/p>\n\t\t\n<style>\n#text-3739286742 {\n  text-align: center;\n  color: rgb(255,255,255);\n}\n#text-3739286742 > * {\n  color: rgb(255,255,255);\n}\n<\/style>\n\t<\/div>\n\t\n\t<div id=\"text-1137046344\" class=\"text\">\n\t\t\n\n<h1>D\u2019Woch vun der Demokratie<\/h1>\n\t\t\n<style>\n#text-1137046344 {\n  font-size: 1.7rem;\n  text-align: center;\n  color: rgb(255,255,255);\n}\n#text-1137046344 > * {\n  color: rgb(255,255,255);\n}\n<\/style>\n\t<\/div>\n\t\n\t<div id=\"text-2777342528\" class=\"text\">\n\t\t\n\n<p><nav class=\"menje-breadcrumbs\" aria-label=\"Breadcrumb\" style=\"color:#ffffff;\"><a href=\"https:\/\/rights4kids.lu\/lu\/\" style=\"color:inherit;text-decoration:none;\">Accueil<\/a><\/nav><\/p>\n\n\t\t\n<style>\n#text-2777342528 {\n  text-align: center;\n}\n<\/style>\n\t<\/div>\n\t\n\n\t\t<\/div>\n\n\t\t\n<style>\n#section_2077264860 {\n  padding-top: 30px;\n  padding-bottom: 30px;\n  margin-bottom: 32px;\n  background-color: #259b7c;\n}\n<\/style>\n\t<\/section>\n\t\n\n\n\t<section class=\"section has-parallax\" id=\"section_1406045098\">\n\t\t<div class=\"section-bg fill\" data-parallax-container=\".section\" data-parallax-background data-parallax=\"-4\">\n\t\t\t<img loading=\"lazy\" decoding=\"async\" width=\"1672\" height=\"952\" src=\"https:\/\/rights4kids.lu\/wp-content\/uploads\/2025\/07\/main_header_bg.png\" class=\"bg attachment- size-\" alt=\"\" \/>\t\t\t\t\t\t\n\t\t\t\n\n\t\t<\/div>\n\n\t\t\n\n\t\t<div class=\"section-content relative\">\n\t\t\t\n\n<div class=\"row align-middle\"  id=\"row-527420638\">\n\n\n\t<div id=\"col-1201646629\" class=\"col small-12 large-12\"  >\n\t\t\t\t<div class=\"col-inner\"  >\n\t\t\t\n\t\t\t\n\n\t<div id=\"text-2031492636\" class=\"text\">\n\t\t\n\n<h1>Publikatiounen &#038; Ressourcen<\/h1>\n\t\t\n<style>\n#text-2031492636 {\n  font-size: 1.7rem;\n}\n<\/style>\n\t<\/div>\n\t\n<p>Op d\u00ebser S\u00e4it fannt Dir eng Auswiel u h\u00ebllefr\u00e4iche Ressourcen am Zesummenhang mat der <strong>Woch vun der Demokratie.<\/strong><\/p>\n<p>D\u00ebs Linke riichte sech:<\/p>\n<ul>\n<li>u <strong>Kanner vu 6 bis 12 Joer<\/strong>,<\/li>\n<li>u <strong>Jugendlech vun 12 bis 18 Joer<\/strong>,<\/li>\n<li>an un all Persoun, d\u00e9i sech fir d\u2019Thema Demokratie am Ber\u00e4ich vun der <strong>formaler Bildung<\/strong> an der <strong>non-formaler Bildung<\/strong> interess\u00e9iert.<\/li>\n<\/ul>\n\n\t\t<\/div>\n\t\t\t\t\t<\/div>\n\n\t\n\n<\/div>\n\n\t\t<\/div>\n\n\t\t\n<style>\n#section_1406045098 {\n  padding-top: 60px;\n  padding-bottom: 60px;\n}\n#section_1406045098 .section-bg img {\n  object-position: 74% 35%;\n}\n<\/style>\n\t<\/section>\n\t\n<div class=\"row\"  id=\"row-1835495547\">\n\n\n\t<div id=\"col-164325115\" class=\"col medium-4 small-12 large-4\"  >\n\t\t\t\t<div class=\"col-inner\"  >\n\t\t\t\n\t\t\t\n\n\t<div class=\"box has-hover   has-hover box-text-bottom\" >\n\n\t\t<div class=\"box-image\" >\n\t\t\t<a href=\"#enfants\" >\t\t\t<div class=\"image-fade-in\" >\n\t\t\t\t<img loading=\"lazy\" decoding=\"async\" width=\"952\" height=\"749\" src=\"https:\/\/rights4kids.lu\/wp-content\/uploads\/2025\/09\/menje_ressources_enfants.png\" class=\"attachment- size-\" alt=\"Dr\u00e4i Kanner l\u00e9ieren zesummen andeems si mat geometresche Formen a faarwege Wierfele spillen.\" srcset=\"https:\/\/rights4kids.lu\/wp-content\/uploads\/2025\/09\/menje_ressources_enfants.png 952w, https:\/\/rights4kids.lu\/wp-content\/uploads\/2025\/09\/menje_ressources_enfants-508x400.png 508w, https:\/\/rights4kids.lu\/wp-content\/uploads\/2025\/09\/menje_ressources_enfants-768x604.png 768w\" sizes=\"auto, (max-width: 952px) 100vw, 952px\" \/>\t\t\t\t\t\t\t\t\t\t\t<\/div>\n\t\t\t<\/a>\t\t<\/div>\n\n\t\t<div class=\"box-text text-center\" >\n\t\t\t<div class=\"box-text-inner\">\n\t\t\t\t\n\n\t<div id=\"text-3616453231\" class=\"text\">\n\t\t\n\n<h3>Kanner<\/h3>\n<p>6-12 Joer<\/p>\n\t\t\n<style>\n#text-3616453231 {\n  font-size: 1.5rem;\n}\n<\/style>\n\t<\/div>\n\t\n\n\t\t\t<\/div>\n\t\t<\/div>\n\t<\/div>\n\t\n\n\t\t<\/div>\n\t\t\t\t\t<\/div>\n\n\t\n\n\t<div id=\"col-210311316\" class=\"col medium-4 small-12 large-4\"  >\n\t\t\t\t<div class=\"col-inner\"  >\n\t\t\t\n\t\t\t\n\n\t<div class=\"box has-hover   has-hover box-text-bottom\" >\n\n\t\t<div class=\"box-image\" >\n\t\t\t<a href=\"#jeunes\" >\t\t\t<div class=\"image-fade-in\" >\n\t\t\t\t<img loading=\"lazy\" decoding=\"async\" width=\"952\" height=\"749\" src=\"https:\/\/rights4kids.lu\/wp-content\/uploads\/2025\/09\/menje_ressources_jeunes.png\" class=\"attachment- size-\" alt=\"Dr\u00e4i Jonker s\u00ebtzen zesummen, een spillt Gittar, en aneren zeechent an den Dr\u00ebtte lauschtert mat engem Laachen no.\" srcset=\"https:\/\/rights4kids.lu\/wp-content\/uploads\/2025\/09\/menje_ressources_jeunes.png 952w, https:\/\/rights4kids.lu\/wp-content\/uploads\/2025\/09\/menje_ressources_jeunes-508x400.png 508w, https:\/\/rights4kids.lu\/wp-content\/uploads\/2025\/09\/menje_ressources_jeunes-768x604.png 768w\" sizes=\"auto, (max-width: 952px) 100vw, 952px\" \/>\t\t\t\t\t\t\t\t\t\t\t<\/div>\n\t\t\t<\/a>\t\t<\/div>\n\n\t\t<div class=\"box-text text-center\" >\n\t\t\t<div class=\"box-text-inner\">\n\t\t\t\t\n\n\t<div id=\"text-91059186\" class=\"text\">\n\t\t\n\n<h3>Jugendlecher<\/h3>\n<p>12-18 Joer<\/p>\n\t\t\n<style>\n#text-91059186 {\n  font-size: 1.5rem;\n}\n<\/style>\n\t<\/div>\n\t\n\n\t\t\t<\/div>\n\t\t<\/div>\n\t<\/div>\n\t\n\n\t\t<\/div>\n\t\t\t\t\t<\/div>\n\n\t\n\n\t<div id=\"col-577681694\" class=\"col medium-4 small-12 large-4\"  >\n\t\t\t\t<div class=\"col-inner\"  >\n\t\t\t\n\t\t\t\n\n\t<div class=\"box has-hover   has-hover box-text-bottom\" >\n\n\t\t<div class=\"box-image\" >\n\t\t\t<a href=\"#grand-public\" >\t\t\t<div class=\"image-fade-in\" >\n\t\t\t\t<img loading=\"lazy\" decoding=\"async\" width=\"952\" height=\"749\" src=\"https:\/\/rights4kids.lu\/wp-content\/uploads\/2025\/09\/menje_ressources_grand-public.png\" class=\"attachment- size-\" alt=\"Dr\u00e4i Erwuessener diskut\u00e9ieren zesummen, een h\u00e4lt e Bloc-notes, d\u00e9i zwee aneren tauschen sech mat engem Laachen aus.\" srcset=\"https:\/\/rights4kids.lu\/wp-content\/uploads\/2025\/09\/menje_ressources_grand-public.png 952w, https:\/\/rights4kids.lu\/wp-content\/uploads\/2025\/09\/menje_ressources_grand-public-508x400.png 508w, https:\/\/rights4kids.lu\/wp-content\/uploads\/2025\/09\/menje_ressources_grand-public-768x604.png 768w\" sizes=\"auto, (max-width: 952px) 100vw, 952px\" \/>\t\t\t\t\t\t\t\t\t\t\t<\/div>\n\t\t\t<\/a>\t\t<\/div>\n\n\t\t<div class=\"box-text text-center\" >\n\t\t\t<div class=\"box-text-inner\">\n\t\t\t\t\n\n\t<div id=\"text-3422314194\" class=\"text\">\n\t\t\n\n<h3>Grand public<\/h3>\n\t\t\n<style>\n#text-3422314194 {\n  font-size: 1.5rem;\n}\n<\/style>\n\t<\/div>\n\t\n\n\t\t\t<\/div>\n\t\t<\/div>\n\t<\/div>\n\t\n\n\t\t<\/div>\n\t\t\t\t\t<\/div>\n\n\t\n\n<\/div>\n<span class=\"scroll-to\" data-label=\"Scroll to: #enfants\" data-bullet=\"false\" data-link=\"#enfants\" data-title=\"enfants\"><a name=\"enfants\"><\/a><\/span>\n\n\n\t<section class=\"section dark has-mask mask-arrow\" id=\"section_1080573391\">\n\t\t<div class=\"section-bg fill\" >\n\t\t\t\t\t\t\t\t\t\n\t\t\t\n\n\t\t<\/div>\n\n\t\t\n\n\t\t<div class=\"section-content relative\">\n\t\t\t\n\n<div class=\"row\"  id=\"row-1448503709\">\n\n\n\t<div id=\"col-1858025018\" class=\"col medium-3 small-12 large-3\"  >\n\t\t\t\t<div class=\"col-inner text-center\" style=\"background-color:rgb(255,255,255);\" >\n\t\t\t\n\t\t\t\n\n\t<div id=\"text-354463369\" class=\"text\">\n\t\t\n\n<p><\/p>\n<h2 class=\"uppercase\">Kanner<\/h2>\n<p>6-12 Joer<\/p>\n\t\t\n<style>\n#text-354463369 {\n  color: #4b66fb;\n}\n#text-354463369 > * {\n  color: #4b66fb;\n}\n<\/style>\n\t<\/div>\n\t\n\n\t\t<\/div>\n\t\t\t\t\t<\/div>\n\n\t\n\n\t<div id=\"col-779377584\" class=\"col medium-9 small-12 large-9\"  >\n\t\t\t\t<div class=\"col-inner dark\"  >\n\t\t\t\n\t\t\t\n\n<p><a href=\"https:\/\/zpb.lu\/wochvunderdemokratie-ef\/\" target=\"_blank\" rel=\"noopener\">\u2022 Aktivit\u00e9itskatalog vum Zentrum fir politesch Bildung (ZpB) \u2013 Woch vun der Demokratie \u2013 Enseignement fondamental<\/a><\/p>\n<p><a href=\"http:\/\/zpb.lu\/wochvunderdemokratie-sea\/\" target=\"_blank\" rel=\"noopener\">\u2022 Aktivit\u00e9itskatalog vum Zentrum fir politesch Bildung (ZpB) \u2013 Woch vun der Demokratie \u2013 Service \u00c9ducation et Accueil (SEA)<\/a><\/p>\n<p><a href=\"https:\/\/www.enfancejeunesse.lu\/fr\/documents\/les-droits-de-lenfant-dans-leducation-non-formelle\/\" target=\"_blank\" rel=\"noopener\">\u2022 EnfanceJeunesse.lu \u2013 Nationalen Internetportal fir d\u2019non-formal Bildung vun de Kanner a Jugendlechen<\/a><\/p>\n<p><a href=\"https:\/\/www.enfancejeunesse.lu\/fr\/10-doigts-10-droits\/\" target=\"_blank\" rel=\"noopener\">\u2022 EnfanceJeunesse.lu \u2013 Pilotprojet \u00ab 10 Fanger \u2013 10 Rechter \u00bb<\/a><\/p>\n<p><a href=\"https:\/\/zpb.lu\/pedagogical_cpt\/mateneen-2\/\" target=\"_blank\" rel=\"noopener\">\u2022 mateneen 2 \u2013 \u201eDe Kooperatiounsrot\u201c<\/a><\/p>\n<p><a href=\"https:\/\/zpb.lu\/pedagogical_cpt\/mateneen-6-la-journee-de-la-democratie\/\" target=\"_blank\" rel=\"noopener\">\u2022 mateneen 6 \u2013 \u201eDen Dag vun der Demokratie\u201c<\/a><\/p>\n<p><a href=\"https:\/\/zpb.lu\/formation_cpt\/hellef-wat-maachen-mat-der-woch-vun-der-demokratie-an-der-grondschoul\/\" target=\"_blank\" rel=\"noopener\">\u2022 H\u00ebllef \u2013 Wat maachen an der Woch vun der Demokratie an der Grondschoul?!<\/a><\/p>\n<p><a href=\"\/wp-content\/uploads\/2025\/10\/2025-Leitlinien-zur-Gestaltung-von-Workshops-wahrend-der-WdD-EF-1.pdf\" target=\"_blank\" rel=\"noopener\">\u2022 Leitlinnen fir d\u2019Gestaltung vu pedagogesche Workshops fir Kanner am Kader vun der Woch vun der Demokratie<\/a><\/p>\n<p><a href=\"\/wp-content\/uploads\/2025\/10\/2025-Leitlinien-zur-Gestaltung-von-Workshops-wahrend-der-WdD-ES-1.pdf\" target=\"_blank\" rel=\"noopener\">\u2022 Leitlinnen fir d\u2019Gestaltung vu pedagogesche Workshops am Secondaire w\u00e4hrend der Woch vun der Demokratie<\/a><\/p>\n<p><a href=\"https:\/\/zpb.lu\/pedagogical_cpt\/ef-handout-how-to-wvd\/\" target=\"_blank\" rel=\"noopener\">\u2022 How to \u2013 Woch vun der Demokratie<\/a><\/p>\n<p>D\u00ebst Dokument h\u00eblleft de Grondschoulen, hir Woch vun der Demokratie z\u2019organis\u00e9ieren. Et bitt d\u2019M\u00e9iglechkeet, kreativ Projeten, Diskussiounen a festlech Momenter ze entw\u00e9ckelen, an dob\u00e4i d\u2019Initiativen ze w\u00e4ertsch\u00e4tzen, d\u00e9i et an der Schoul scho ginn. De Guide enth\u00e4lt Iddie fir Aktivit\u00e9iten a praktesch Rotschl\u00e9i, fir d\u2019aktiv Participatioun vun de Sch\u00fcler:innen ze f\u00ebrderen, an nennt och een Haaptkontakt, falls Froen opkommen.<\/p>\n\n\t\t<\/div>\n\t\t\t\t\t<\/div>\n\n\t\n\n<\/div>\n\n\t\t<\/div>\n\n\t\t\n<style>\n#section_1080573391 {\n  padding-top: 60px;\n  padding-bottom: 60px;\n  background-color: #4b66fb;\n}\n<\/style>\n\t<\/section>\n\t\n<span class=\"scroll-to\" data-label=\"Scroll to: #jeunes\" data-bullet=\"false\" data-link=\"#jeunes\" data-title=\"jeunes\"><a name=\"jeunes\"><\/a><\/span>\n\n\n\t<section class=\"section has-mask mask-arrow\" id=\"section_860584979\">\n\t\t<div class=\"section-bg fill\" >\n\t\t\t\t\t\t\t\t\t\n\t\t\t\n\n\t\t<\/div>\n\n\t\t\n\n\t\t<div class=\"section-content relative\">\n\t\t\t\n\n<div class=\"row\"  id=\"row-1464119709\">\n\n\n\t<div id=\"col-248131437\" class=\"col medium-3 small-12 large-3\"  >\n\t\t\t\t<div class=\"col-inner text-center dark\" style=\"background-color:#4b66fb;\" >\n\t\t\t\n\t\t\t\n\n<h2 class=\"uppercase\">Jugendlecher<\/h2>\n<p>12-18 Joer<\/p>\n\n\t\t<\/div>\n\t\t\t\t\t<\/div>\n\n\t\n\n\t<div id=\"col-109754641\" class=\"col medium-9 small-12 large-9\"  >\n\t\t\t\t<div class=\"col-inner\"  >\n\t\t\t\n\t\t\t\n\n<p><a href=\"http:\/\/zpb.lu\/wochvunderdemokratie-es\/\" target=\"_blank\" rel=\"noopener\">\u2022 Aktivit\u00e9itskatalog vum Zentrum fir politesch Bildung (ZpB) \u2013 Woch vun der Demokratie \u2013 Enseignement secondaire<\/a><\/p>\n<p><a href=\"https:\/\/www.cnel.lu\/wat-ass-de-schulercomite\/\" target=\"_blank\" rel=\"noopener\">\u2022 Conf\u00e9rence nationale des \u00e9l\u00e8ves du Luxembourg (CNEL) \u2013 Wat ass e Sch\u00fclercomit\u00e9?<\/a><\/p>\n<p><a href=\"https:\/\/www.cnel.lu\/kit-election-2\/\" target=\"_blank\" rel=\"noopener\">\u2022 Conf\u00e9rence nationale des \u00e9l\u00e8ves du Luxembourg (CNEL) \u2013 Publikatiounen &amp; Wahlkit<\/a><\/p>\n<p><a href=\"https:\/\/www.jugendrot.lu\/\" target=\"_blank\" rel=\"noopener\">\u2022 De Jugendrot \u2013 d\u2019St\u00ebmm vun der Jugend<\/a><\/p>\n<p><a href=\"https:\/\/www.jugendparlament.lu\/\" target=\"_blank\" rel=\"noopener\">\u2022 Jugendparlament \u2013 Parlament vun de Jonken<\/a><\/p>\n<p><a href=\"https:\/\/www.jugendrot.lu\/jugendkonvent\/\" target=\"_blank\" rel=\"noopener\">\u2022 Jugendkonvent \u2013 Konvent vun der Jugend<\/a><\/p>\n<p><a href=\"https:\/\/men.public.lu\/fr\/publications\/jeunesse\/informations-generales\/jugendpakt-2022-2025.html\" target=\"_blank\" rel=\"noopener\">\u2022 Nationalen Aktiounsplang fir d\u2019Jugend 2022\u20132025<\/a><\/p>\n<p><a href=\"https:\/\/cepas.public.lu\/fr\/espace-public\/publications.html\" target=\"_blank\" rel=\"noopener\">\u2022 Publikatiounen vum CePAS<\/a><\/p>\n<p><a href=\"https:\/\/www.enfancejeunesse.lu\/fr\/documents\/les-droits-de-lenfant-dans-leducation-non-formelle\/\" target=\"_blank\" rel=\"noopener\">\u2022 EnfanceJeunesse.lu \u2013 Nationalen Internetportal fir d\u00e9i non-formal Bildung vun de Kanner a Jugendlechen<\/a><\/p>\n<p><a href=\"https:\/\/zpb.lu\/pedagogical_cpt\/affiche-pour-la-democratie\/\" target=\"_blank\" rel=\"noopener\">\u2022 D\u2019Affiche \u201eWas habe ich getan?\u201c<\/a><\/p>\n<p>D\u00ebs Affiche ass en Inspiratiouns- a Reflexiounsinstrument fir Schoulen an \u00ebffentlech Raim. Si invit\u00e9iert all Persoun, iwwer d\u00e9i scho gemaachten demokratesch Aktioune nozedenken. Ob an der Klass oder am Gank opgehaangen, reegt si Gespr\u00e9icher iwwer aktiv Participatioun un a weist, datt och kleng Gesten demokratesch Handlunge sinn.<\/p>\n\n\t\t<\/div>\n\t\t\t\t\t<\/div>\n\n\t\n\n<\/div>\n\n\t\t<\/div>\n\n\t\t\n<style>\n#section_860584979 {\n  padding-top: 60px;\n  padding-bottom: 60px;\n  background-color: rgb(255,255,255);\n}\n<\/style>\n\t<\/section>\n\t\n<span class=\"scroll-to\" data-label=\"Scroll to: #grand-public\" data-bullet=\"false\" data-link=\"#grand-public\" data-title=\"grand-public\"><a name=\"grand-public\"><\/a><\/span>\n\n\n\t<section class=\"section dark has-mask mask-arrow\" id=\"section_309197377\">\n\t\t<div class=\"section-bg fill\" >\n\t\t\t\t\t\t\t\t\t\n\t\t\t\n\n\t\t<\/div>\n\n\t\t\n\n\t\t<div class=\"section-content relative\">\n\t\t\t\n\n<div class=\"row\"  id=\"row-1874801064\">\n\n\n\t<div id=\"col-1368864856\" class=\"col medium-3 small-12 large-3\"  >\n\t\t\t\t<div class=\"col-inner text-center\" style=\"background-color:rgb(255,255,255);\" >\n\t\t\t\n\t\t\t\n\n\t<div id=\"text-276716270\" class=\"text\">\n\t\t\n\n<p> <\/p>\n<h2 class=\"uppercase\">Grand public<\/h2>\n<p> <\/p>\n\t\t\n<style>\n#text-276716270 {\n  color: #4b66fb;\n}\n#text-276716270 > * {\n  color: #4b66fb;\n}\n<\/style>\n\t<\/div>\n\t\n\n\t\t<\/div>\n\t\t\t\t\t<\/div>\n\n\t\n\n\t<div id=\"col-257405508\" class=\"col medium-9 small-12 large-9\"  >\n\t\t\t\t<div class=\"col-inner dark\"  >\n\t\t\t\n\t\t\t\n\n<h2>Web- &#038; Presseartikel<\/h2>\n<p><a href=\"https:\/\/men.public.lu\/fr\/systeme-educatif\/droits-enfant\/droit-participation\/landing-page-edi-participation.html\" target=\"_blank\" rel=\"noopener\">\u2022 Men.lu \u2013 Demokratie am Asaz: entdeckt Initiativen, d\u00e9i d\u2019demokratesch Participatioun f\u00ebrderen<\/a><\/p>\n<p><a href=\"https:\/\/men.public.lu\/fr\/edi.html\" target=\"_blank\" rel=\"noopener\">\u2022 EDI \u2013 Infomagazin fir Elteren Nr. 2 \/ 2025 \u2013 Woch vun der Demokratie: Demokratie am Asaz!<\/a><\/p>\n<p><a href=\"https:\/\/men.public.lu\/fr\/publications\/edi-infomagazin-fir-elteren\/2022\/edi-02-2022.html\" target=\"_blank\" rel=\"noopener\">\u2022 EDI \u2013 Infomagazin fir Elteren Nr. 2 \/ 2022 \u2013 Demokratie ganz no erliewen<\/a><\/p>\n<h2>Formatiounen &#038; Eventer<\/h2>\n<p><a href=\"https:\/\/zpb.lu\/event_cpt\/meng-stemm-main-impakt\/\" target=\"_blank\" rel=\"noopener\">\u2022 Meng St\u00ebmm \u2013 m\u00e4in Impakt: Kanner schw\u00e4tze mat (Panel)<\/a><\/p>\n<h2>Atelieren a Concoursen<\/h2>\n<p><a href=\"https:\/\/zpb.lu\/tous-nos-ateliers\/\" target=\"_blank\" rel=\"noopener\">\u2022 Atelieren vum Zentrum fir politesch Bildung<\/a><\/p>\n\n\t\t<\/div>\n\t\t\t\t\t<\/div>\n\n\t\n\n<\/div>\n\n\t\t<\/div>\n\n\t\t\n<style>\n#section_309197377 {\n  padding-top: 60px;\n  padding-bottom: 60px;\n  background-color: #4b66fb;\n}\n<\/style>\n\t<\/section>\n\t\n\n","protected":false},"excerpt":{"rendered":"","protected":false},"author":1,"featured_media":0,"parent":1598,"menu_order":0,"comment_status":"closed","ping_status":"closed","template":"","meta":{"_acf_changed":false,"footnotes":""},"class_list":["post-1565","page","type-page","status-publish","hentry"],"acf":[],"yoast_head":"<!-- This site is optimized with the Yoast SEO plugin v27.0 - https:\/\/yoast.com\/product\/yoast-seo-wordpress\/ -->\n<title>Publikatiounen &amp; Ressourcen - Rights4Kids - Service des droits de l&#039;enfant<\/title>\n<meta name=\"robots\" content=\"index, follow, max-snippet:-1, max-image-preview:large, max-video-preview:-1\" \/>\n<link rel=\"canonical\" href=\"https:\/\/rights4kids.lu\/lu\/dwoch-vun-der-demokratie\/publikatiounen-ressourcen\/\" \/>\n<meta property=\"og:locale\" content=\"en_US\" \/>\n<meta property=\"og:type\" content=\"article\" \/>\n<meta property=\"og:title\" content=\"Publikatiounen &amp; Ressourcen - Rights4Kids - Service des droits de l&#039;enfant\" \/>\n<meta property=\"og:url\" content=\"https:\/\/rights4kids.lu\/lu\/dwoch-vun-der-demokratie\/publikatiounen-ressourcen\/\" \/>\n<meta property=\"og:site_name\" content=\"Rights4Kids\" \/>\n<meta property=\"article:modified_time\" content=\"2026-01-09T11:35:40+00:00\" \/>\n<meta property=\"og:image\" content=\"https:\/\/rights4kids.lu\/wp-content\/uploads\/2025\/07\/main_header_illust.png\" \/>\n\t<meta property=\"og:image:width\" content=\"563\" \/>\n\t<meta property=\"og:image:height\" content=\"479\" \/>\n\t<meta property=\"og:image:type\" content=\"image\/png\" \/>\n<meta name=\"twitter:card\" content=\"summary_large_image\" \/>\n<meta name=\"twitter:label1\" content=\"Est. reading time\" \/>\n\t<meta name=\"twitter:data1\" content=\"3 minutes\" \/>\n<script type=\"application\/ld+json\" class=\"yoast-schema-graph\">{\"@context\":\"https:\/\/schema.org\",\"@graph\":[{\"@type\":\"WebPage\",\"@id\":\"https:\/\/rights4kids.lu\/lu\/dwoch-vun-der-demokratie\/publikatiounen-ressourcen\/\",\"url\":\"https:\/\/rights4kids.lu\/lu\/dwoch-vun-der-demokratie\/publikatiounen-ressourcen\/\",\"name\":\"Publikatiounen & Ressourcen - Rights4Kids - Service des droits de l&#039;enfant\",\"isPartOf\":{\"@id\":\"https:\/\/rights4kids.lu\/lu\/#website\"},\"datePublished\":\"2025-09-16T12:54:26+00:00\",\"dateModified\":\"2026-01-09T11:35:40+00:00\",\"breadcrumb\":{\"@id\":\"https:\/\/rights4kids.lu\/lu\/dwoch-vun-der-demokratie\/publikatiounen-ressourcen\/#breadcrumb\"},\"inLanguage\":\"lb-LU\",\"potentialAction\":[{\"@type\":\"ReadAction\",\"target\":[\"https:\/\/rights4kids.lu\/lu\/dwoch-vun-der-demokratie\/publikatiounen-ressourcen\/\"]}]},{\"@type\":\"BreadcrumbList\",\"@id\":\"https:\/\/rights4kids.lu\/lu\/dwoch-vun-der-demokratie\/publikatiounen-ressourcen\/#breadcrumb\",\"itemListElement\":[{\"@type\":\"ListItem\",\"position\":1,\"name\":\"Home\",\"item\":\"https:\/\/rights4kids.lu\/lu\/home\/\"},{\"@type\":\"ListItem\",\"position\":2,\"name\":\"D\u2019Woch vun der Demokratie\",\"item\":\"https:\/\/rights4kids.lu\/lu\/dwoch-vun-der-demokratie\/\"},{\"@type\":\"ListItem\",\"position\":3,\"name\":\"Publikatiounen &#038; Ressourcen\"}]},{\"@type\":\"WebSite\",\"@id\":\"https:\/\/rights4kids.lu\/lu\/#website\",\"url\":\"https:\/\/rights4kids.lu\/lu\/\",\"name\":\"Minist\u00e8re de l'\u00c9ducation nationale, de l'Enfance et de la Jeunesse\",\"description\":\"Service des droits de l&#039;enfant\",\"publisher\":{\"@id\":\"https:\/\/rights4kids.lu\/lu\/#organization\"},\"potentialAction\":[{\"@type\":\"SearchAction\",\"target\":{\"@type\":\"EntryPoint\",\"urlTemplate\":\"https:\/\/rights4kids.lu\/lu\/?s={search_term_string}\"},\"query-input\":{\"@type\":\"PropertyValueSpecification\",\"valueRequired\":true,\"valueName\":\"search_term_string\"}}],\"inLanguage\":\"lb-LU\"},{\"@type\":\"Organization\",\"@id\":\"https:\/\/rights4kids.lu\/lu\/#organization\",\"name\":\"Minist\u00e8re de l'\u00c9ducation nationale, de l'Enfance et de la Jeunesse\",\"url\":\"https:\/\/rights4kids.lu\/lu\/\",\"logo\":{\"@type\":\"ImageObject\",\"inLanguage\":\"lb-LU\",\"@id\":\"https:\/\/rights4kids.lu\/lu\/#\/schema\/logo\/image\/\",\"url\":\"https:\/\/rights4kids.lu\/wp-content\/uploads\/2025\/07\/gouv_menje_logo_hd.webp\",\"contentUrl\":\"https:\/\/rights4kids.lu\/wp-content\/uploads\/2025\/07\/gouv_menje_logo_hd.webp\",\"width\":600,\"height\":217,\"caption\":\"Minist\u00e8re de l'\u00c9ducation nationale, de l'Enfance et de la Jeunesse\"},\"image\":{\"@id\":\"https:\/\/rights4kids.lu\/lu\/#\/schema\/logo\/image\/\"}}]}<\/script>\n<!-- \/ Yoast SEO plugin. -->","yoast_head_json":{"title":"Publikatiounen & Ressourcen - Rights4Kids - Service des droits de l&#039;enfant","robots":{"index":"index","follow":"follow","max-snippet":"max-snippet:-1","max-image-preview":"max-image-preview:large","max-video-preview":"max-video-preview:-1"},"canonical":"https:\/\/rights4kids.lu\/lu\/dwoch-vun-der-demokratie\/publikatiounen-ressourcen\/","og_locale":"en_US","og_type":"article","og_title":"Publikatiounen & Ressourcen - Rights4Kids - Service des droits de l&#039;enfant","og_url":"https:\/\/rights4kids.lu\/lu\/dwoch-vun-der-demokratie\/publikatiounen-ressourcen\/","og_site_name":"Rights4Kids","article_modified_time":"2026-01-09T11:35:40+00:00","og_image":[{"width":563,"height":479,"url":"https:\/\/rights4kids.lu\/wp-content\/uploads\/2025\/07\/main_header_illust.png","type":"image\/png"}],"twitter_card":"summary_large_image","twitter_misc":{"Est. reading time":"3 minutes"},"schema":{"@context":"https:\/\/schema.org","@graph":[{"@type":"WebPage","@id":"https:\/\/rights4kids.lu\/lu\/dwoch-vun-der-demokratie\/publikatiounen-ressourcen\/","url":"https:\/\/rights4kids.lu\/lu\/dwoch-vun-der-demokratie\/publikatiounen-ressourcen\/","name":"Publikatiounen & Ressourcen - Rights4Kids - Service des droits de l&#039;enfant","isPartOf":{"@id":"https:\/\/rights4kids.lu\/lu\/#website"},"datePublished":"2025-09-16T12:54:26+00:00","dateModified":"2026-01-09T11:35:40+00:00","breadcrumb":{"@id":"https:\/\/rights4kids.lu\/lu\/dwoch-vun-der-demokratie\/publikatiounen-ressourcen\/#breadcrumb"},"inLanguage":"lb-LU","potentialAction":[{"@type":"ReadAction","target":["https:\/\/rights4kids.lu\/lu\/dwoch-vun-der-demokratie\/publikatiounen-ressourcen\/"]}]},{"@type":"BreadcrumbList","@id":"https:\/\/rights4kids.lu\/lu\/dwoch-vun-der-demokratie\/publikatiounen-ressourcen\/#breadcrumb","itemListElement":[{"@type":"ListItem","position":1,"name":"Home","item":"https:\/\/rights4kids.lu\/lu\/home\/"},{"@type":"ListItem","position":2,"name":"D\u2019Woch vun der Demokratie","item":"https:\/\/rights4kids.lu\/lu\/dwoch-vun-der-demokratie\/"},{"@type":"ListItem","position":3,"name":"Publikatiounen &#038; Ressourcen"}]},{"@type":"WebSite","@id":"https:\/\/rights4kids.lu\/lu\/#website","url":"https:\/\/rights4kids.lu\/lu\/","name":"Minist\u00e8re de l'\u00c9ducation nationale, de l'Enfance et de la Jeunesse","description":"Service des droits de l&#039;enfant","publisher":{"@id":"https:\/\/rights4kids.lu\/lu\/#organization"},"potentialAction":[{"@type":"SearchAction","target":{"@type":"EntryPoint","urlTemplate":"https:\/\/rights4kids.lu\/lu\/?s={search_term_string}"},"query-input":{"@type":"PropertyValueSpecification","valueRequired":true,"valueName":"search_term_string"}}],"inLanguage":"lb-LU"},{"@type":"Organization","@id":"https:\/\/rights4kids.lu\/lu\/#organization","name":"Minist\u00e8re de l'\u00c9ducation nationale, de l'Enfance et de la Jeunesse","url":"https:\/\/rights4kids.lu\/lu\/","logo":{"@type":"ImageObject","inLanguage":"lb-LU","@id":"https:\/\/rights4kids.lu\/lu\/#\/schema\/logo\/image\/","url":"https:\/\/rights4kids.lu\/wp-content\/uploads\/2025\/07\/gouv_menje_logo_hd.webp","contentUrl":"https:\/\/rights4kids.lu\/wp-content\/uploads\/2025\/07\/gouv_menje_logo_hd.webp","width":600,"height":217,"caption":"Minist\u00e8re de l'\u00c9ducation nationale, de l'Enfance et de la Jeunesse"},"image":{"@id":"https:\/\/rights4kids.lu\/lu\/#\/schema\/logo\/image\/"}}]}},"_links":{"self":[{"href":"https:\/\/rights4kids.lu\/lu\/wp-json\/wp\/v2\/pages\/1565","targetHints":{"allow":["GET"]}}],"collection":[{"href":"https:\/\/rights4kids.lu\/lu\/wp-json\/wp\/v2\/pages"}],"about":[{"href":"https:\/\/rights4kids.lu\/lu\/wp-json\/wp\/v2\/types\/page"}],"author":[{"embeddable":true,"href":"https:\/\/rights4kids.lu\/lu\/wp-json\/wp\/v2\/users\/1"}],"replies":[{"embeddable":true,"href":"https:\/\/rights4kids.lu\/lu\/wp-json\/wp\/v2\/comments?post=1565"}],"version-history":[{"count":7,"href":"https:\/\/rights4kids.lu\/lu\/wp-json\/wp\/v2\/pages\/1565\/revisions"}],"predecessor-version":[{"id":1866,"href":"https:\/\/rights4kids.lu\/lu\/wp-json\/wp\/v2\/pages\/1565\/revisions\/1866"}],"up":[{"embeddable":true,"href":"https:\/\/rights4kids.lu\/lu\/wp-json\/wp\/v2\/pages\/1598"}],"wp:attachment":[{"href":"https:\/\/rights4kids.lu\/lu\/wp-json\/wp\/v2\/media?parent=1565"}],"curies":[{"name":"wp","href":"https:\/\/api.w.org\/{rel}","templated":true}]}}