{"id":1491,"date":"2025-10-24T14:28:43","date_gmt":"2025-10-24T14:28:43","guid":{"rendered":"https:\/\/rights4kids.lu\/weltkindertag\/"},"modified":"2025-12-24T09:41:51","modified_gmt":"2025-12-24T09:41:51","slug":"weltkindertag","status":"publish","type":"page","link":"https:\/\/rights4kids.lu\/de\/weltkindertag\/","title":{"rendered":"Weltkindertag"},"content":{"rendered":"\n\t<div class=\"img has-hover x md-x lg-x y md-y lg-y\" id=\"image_438774504\">\n\t\t\t\t\t\t\t\t<div class=\"img-inner dark\" style=\"margin:0px 0px 0px 0px;\">\n\t\t\t<img loading=\"lazy\" decoding=\"async\" width=\"1020\" height=\"364\" src=\"https:\/\/rights4kids.lu\/wp-content\/uploads\/2025\/10\/banner_weltkannerdag_v1.jpg\" class=\"attachment-large size-large\" alt=\"\" srcset=\"https:\/\/rights4kids.lu\/wp-content\/uploads\/2025\/10\/banner_weltkannerdag_v1.jpg 1300w, https:\/\/rights4kids.lu\/wp-content\/uploads\/2025\/10\/banner_weltkannerdag_v1-800x286.jpg 800w, https:\/\/rights4kids.lu\/wp-content\/uploads\/2025\/10\/banner_weltkannerdag_v1-768x274.jpg 768w\" sizes=\"auto, (max-width: 1020px) 100vw, 1020px\" \/>\t\t\t\t\t\t\n\t\t\t\t\t<\/div>\n\t\t\t\t\t\t\t\t\n<style>\n#image_438774504 {\n  width: 100%;\n}\n<\/style>\n\t<\/div>\n\t\n\n\n\t<section class=\"section\" id=\"section_1551230528\">\n\t\t<div class=\"section-bg fill\" >\n\t\t\t\t\t\t\t\t\t\n\t\t\t\n\n\t\t<\/div>\n\n\t\t\n\n\t\t<div class=\"section-content relative\">\n\t\t\t\n\n\t<div id=\"text-334568985\" class=\"text\">\n\t\t\n\n<p class=\"lead\" style=\"margin-bottom:0;\">20. November 2025<\/p>\n\t\t\n<style>\n#text-334568985 {\n  text-align: center;\n  color: rgb(255,255,255);\n}\n#text-334568985 > * {\n  color: rgb(255,255,255);\n}\n<\/style>\n\t<\/div>\n\t\n\t<div id=\"text-1843151025\" class=\"text\">\n\t\t\n\n<h1>Weltkindertag<\/h1>\n\t\t\n<style>\n#text-1843151025 {\n  font-size: 1.7rem;\n  text-align: center;\n  color: rgb(255,255,255);\n}\n#text-1843151025 > * {\n  color: rgb(255,255,255);\n}\n<\/style>\n\t<\/div>\n\t\n\t<div id=\"text-3679182252\" class=\"text\">\n\t\t\n\n<p><nav class=\"menje-breadcrumbs\" aria-label=\"Breadcrumb\" style=\"color:#ffffff;\"><a href=\"https:\/\/rights4kids.lu\/de\/\" style=\"color:inherit;text-decoration:none;\">Accueil<\/a><\/nav><\/p>\n\n\t\t\n<style>\n#text-3679182252 {\n  text-align: center;\n}\n<\/style>\n\t<\/div>\n\t\n\n\t\t<\/div>\n\n\t\t\n<style>\n#section_1551230528 {\n  padding-top: 30px;\n  padding-bottom: 30px;\n  margin-bottom: 32px;\n  background-color: #c43a70;\n}\n<\/style>\n\t<\/section>\n\t\n\n<div class=\"row\"  id=\"row-39010373\">\n\n\n\t<div id=\"col-886318431\" class=\"col medium-6 small-12 large-6\"  >\n\t\t\t\t<div class=\"col-inner\"  >\n\t\t\t\n\t\t\t\n\n\t<div id=\"text-2745100909\" class=\"text\">\n\t\t\n\n<h2>Kinderrechte \u2013<br>sie gehen uns alle etwas an!<\/h2>\n\t\t\n<style>\n#text-2745100909 {\n  font-size: 1.5rem;\n  color: #259b7c;\n}\n#text-2745100909 > * {\n  color: #259b7c;\n}\n<\/style>\n\t<\/div>\n\t\n<p>Der <strong>Weltkindertag<\/strong>, der jedes Jahr am 20. November begangen wird, erinnert an die Annahme der UN-Kinderrechtskonvention durch die Generalversammlung der Vereinten Nationen im Jahr 1989. Die Konvention, die von fast allen L\u00e4ndern weltweit ratifiziert wurde, umfasst 54 Rechte des Kindes \u2013 darunter das Recht auf Leben, Gesundheit, Bildung und Spiel.<\/p>\n<p>Das Ministerium f\u00fcr Bildung, Kinder und Jugend koordiniert \u00fcber seinen Dienst f\u00fcr Kinderrechte die Umsetzung der Kinderrechtskonvention in Luxemburg. In Zusammenarbeit mit zahlreichen \u00f6ffentlichen und privaten Partnern sorgt es f\u00fcr die F\u00f6rderung und den Schutz der Kinderrechte in allen Bereichen des t\u00e4glichen Lebens.<\/p>\n<p>Jedes Jahr werden rund um den 20. November im ganzen Land zahlreiche Aktionen und Aktivit\u00e4ten organisiert, die Jung und Alt einladen, sich aktiv f\u00fcr die Rechte der Kinder einzusetzen:<\/p>\n<p><strong>\ud83c\udfad Ateliers, Ausstellungen, Konferenzen<\/strong><\/p>\n<p>\ud83c\udfa8 <strong>Kreative Projekte in Schulen und Bildungs- und Betreuungseinrichtungen<\/strong><\/p>\n<p>\ud83c\udf89 <strong>Veranstaltungen f\u00fcr Kinder, Jugendliche und Erwachsene<\/strong><\/p>\n\n\t\t<\/div>\n\t\t\t\t\t<\/div>\n\n\t\n\n\t<div id=\"col-1317439681\" class=\"col medium-6 small-12 large-6\"  >\n\t\t\t\t<div class=\"col-inner\"  >\n\t\t\t\n\t\t\t\n\n\t<div class=\"img has-hover rounded x md-x lg-x y md-y lg-y\" id=\"image_1099616069\">\n\t\t\t\t\t\t\t\t<div class=\"img-inner dark\" >\n\t\t\t<img loading=\"lazy\" decoding=\"async\" width=\"903\" height=\"800\" src=\"https:\/\/rights4kids.lu\/wp-content\/uploads\/2025\/11\/jde_home-903x800.webp\" class=\"attachment-large size-large\" alt=\"\" srcset=\"https:\/\/rights4kids.lu\/wp-content\/uploads\/2025\/11\/jde_home-903x800.webp 903w, https:\/\/rights4kids.lu\/wp-content\/uploads\/2025\/11\/jde_home-452x400.webp 452w, https:\/\/rights4kids.lu\/wp-content\/uploads\/2025\/11\/jde_home-768x680.webp 768w, https:\/\/rights4kids.lu\/wp-content\/uploads\/2025\/11\/jde_home.webp 1016w\" sizes=\"auto, (max-width: 903px) 100vw, 903px\" \/>\t\t\t\t\t\t\n\t\t\t\t\t<\/div>\n\t\t\t\t\t\t\t\t\n<style>\n#image_1099616069 {\n  width: 100%;\n}\n<\/style>\n\t<\/div>\n\t\n\n\n\t\t<\/div>\n\t\t\t\t\t<\/div>\n\n\t\n\n\t<div id=\"col-1788377306\" class=\"col small-12 large-12\"  >\n\t\t\t\t<div class=\"col-inner\"  >\n\t\t\t\n\t\t\t\n\n\t<div id=\"text-1479985085\" class=\"text\">\n\t\t\n\n<p class=\"lead\">Teilen Sie <a href=\"https:\/\/rights4kids.lu\/de\/weltkindertag\/ihre-aktionen\/\">Ihre Aktivit\u00e4ten und Initiativen<\/a> im Rahmen dieses Tages<\/p>\n\t\t\n<style>\n#text-1479985085 {\n  font-size: 1.5rem;\n  text-align: center;\n}\n<\/style>\n\t<\/div>\n\t\n\n\t\t<\/div>\n\t\t\t\t\t<\/div>\n\n\t\n\n\t<div id=\"col-1403096928\" class=\"col small-12 large-12\"  >\n\t\t\t\t<div class=\"col-inner text-left\"  >\n\t\t\t\n\t\t\t\n\n\n\n<div class=\"els-event-list\"><article class=\"els-event-card\" tabindex=\"0\" role=\"region\" aria-labelledby=\"event-title-863\" data-lat=\"\" data-lng=\"\"><span class=\"sr-only\">Event: Atelier \u00abParlons d\u00e9mocratie : le jeu de cartes\u00bb. Ort: not specified. Datum: no date<\/span><div class=\"els-event-info\"><div class=\"event-category catJournee\">Journ\u00e9e mondiale de l&#039;enfance<\/div><div class=\"event-bottom-content\"><h2 class=\"els-event-title\">Atelier \u00abParlons d\u00e9mocratie : le jeu de cartes\u00bb<\/h2><\/div><\/div><\/article><\/div>\n\n\t<div id=\"gap-766510722\" class=\"gap-element clearfix\" style=\"display:block; height:auto;\">\n\t\t\n<style>\n#gap-766510722 {\n  padding-top: 32px;\n}\n<\/style>\n\t<\/div>\n\t\n\n\n\t\t<\/div>\n\t\t\t\t\t<\/div>\n\n\t\n\n\t<div id=\"col-1265187590\" class=\"col small-12 large-12\"  >\n\t\t\t\t<div class=\"col-inner text-center\"  >\n\t\t\t\n\t\t\t\n\n<a href=\"https:\/\/rights4kids.lu\/de\/weltkindertag\/aktionsplan\/\" class=\"button primary lowercase\" style=\"border-radius:99px;\">\n\t\t<span>Alle Aktionen finden Sie hier<\/span>\n\t<\/a>\n\n\n\n\t\t<\/div>\n\t\t\t\t\t<\/div>\n\n\t\n\n<\/div>\n\n\t<section class=\"section\" id=\"section_323348695\">\n\t\t<div class=\"section-bg fill\" >\n\t\t\t\t\t\t\t\t\t\n\t\t\t\n\n\t\t<\/div>\n\n\t\t\n\n\t\t<div class=\"section-content relative\">\n\t\t\t\n\n\t<div id=\"text-858687712\" class=\"text\">\n\t\t\n\n<h2>Staarkrechter.lu<\/h2>\n\t\t\n<style>\n#text-858687712 {\n  font-size: 2rem;\n  text-align: center;\n  color: rgb(255,255,255);\n}\n#text-858687712 > * {\n  color: rgb(255,255,255);\n}\n<\/style>\n\t<\/div>\n\t\n\t<div id=\"text-2307616834\" class=\"text\">\n\t\t\n\n<p class=\"lead\">Eine Website zur Bekanntmachung der Kinderrechte<\/p>\n\t\t\n<style>\n#text-2307616834 {\n  text-align: center;\n  color: rgb(255,255,255);\n}\n#text-2307616834 > * {\n  color: rgb(255,255,255);\n}\n<\/style>\n\t<\/div>\n\t\n\n\t\t<\/div>\n\n\t\t\n<style>\n#section_323348695 {\n  padding-top: 30px;\n  padding-bottom: 30px;\n  background-color: rgb(100, 85, 161);\n}\n<\/style>\n\t<\/section>\n\t\n<div class=\"row align-middle\"  id=\"row-1714357273\">\n\n\n\t<div id=\"col-813936366\" class=\"col medium-6 small-12 large-6\"  >\n\t\t\t\t<div class=\"col-inner\"  >\n\t\t\t\n\t\t\t\n\n\t<div id=\"text-2007616412\" class=\"text\">\n\t\t\n\n<h2>Die Rechte des Kindes mit einem Klick entdecken!<\/h2>\n\t\t\n<style>\n#text-2007616412 {\n  font-size: 1.5rem;\n  color: #259b7c;\n}\n#text-2007616412 > * {\n  color: #259b7c;\n}\n<\/style>\n\t<\/div>\n\t\n<p>Um die Kinderrechte besser bekannt zu machen, hat das Ministerium im Jahr 2025 die Website <a href=\"https:\/\/www.staarkrechter.lu\" target=\"_blank\" rel=\"noopener\">www.staarkrechter.lu<\/a> lanciert.<\/p>\n<p>Die Seite ist auf Franz\u00f6sisch, Deutsch, Luxemburgisch und Englisch verf\u00fcgbar und richtet sich an Kinder und Jugendliche im Alter von <strong>6 bis 18 Jahren.<\/strong><\/p>\n<p>Als <strong>informativer, p\u00e4dagogischer und interaktiver<\/strong> Raum konzipiert, bietet die Website eine altersgerechte Begleitung, um die eigenen Rechte besser zu verstehen, n\u00fctzliche Ressourcen zu entdecken und sich aktiv f\u00fcr deren Schutz in Luxemburg einzusetzen.<\/p>\n<p>Die Seite kann sowohl im Unterricht der Grundschule und Sekundarstufe als auch in der non-formalen Bildungsarbeit eingesetzt werden. Dar\u00fcber hinaus stellt sie auch zu Hause eine wertvolle Unterst\u00fctzung dar und erm\u00f6glicht es Eltern, Angeh\u00f6rigen oder Freunden, die Kinderrechte spielerisch und verst\u00e4ndlich zu vermitteln.<\/p>\n<p>Unter anderem findet man dort Informationen \u00fcber die Geschichte der Kinderrechte sowie \u00fcber ihre Bedeutung und Anwendung in Luxemburg.<\/p>\n\n\t\t<\/div>\n\t\t\t\t\t<\/div>\n\n\t\n\n\t<div id=\"col-1739701279\" class=\"col medium-6 small-12 large-6\"  >\n\t\t\t\t<div class=\"col-inner\"  >\n\t\t\t\n\t\t\t\n\n\t<div class=\"img has-hover x md-x lg-x y md-y lg-y\" id=\"image_308472924\">\n\t\t\t\t\t\t\t\t<div class=\"img-inner dark\" >\n\t\t\t<img loading=\"lazy\" decoding=\"async\" width=\"1020\" height=\"591\" src=\"https:\/\/rights4kids.lu\/wp-content\/uploads\/2025\/11\/Page-Staarkrechter.webp\" class=\"attachment-large size-large\" alt=\"\" srcset=\"https:\/\/rights4kids.lu\/wp-content\/uploads\/2025\/11\/Page-Staarkrechter.webp 1366w, https:\/\/rights4kids.lu\/wp-content\/uploads\/2025\/11\/Page-Staarkrechter-691x400.webp 691w, https:\/\/rights4kids.lu\/wp-content\/uploads\/2025\/11\/Page-Staarkrechter-768x445.webp 768w\" sizes=\"auto, (max-width: 1020px) 100vw, 1020px\" \/>\t\t\t\t\t\t\n\t\t\t\t\t<\/div>\n\t\t\t\t\t\t\t\t\n<style>\n#image_308472924 {\n  width: 100%;\n}\n<\/style>\n\t<\/div>\n\t\n\n\n\t\t<\/div>\n\t\t\t\t\t<\/div>\n\n\t\n\n<\/div>\n\n","protected":false},"excerpt":{"rendered":"","protected":false},"author":1,"featured_media":0,"parent":0,"menu_order":0,"comment_status":"closed","ping_status":"closed","template":"","meta":{"_acf_changed":false,"footnotes":""},"class_list":["post-1491","page","type-page","status-publish","hentry"],"acf":[],"yoast_head":"<!-- This site is optimized with the Yoast SEO plugin v27.0 - https:\/\/yoast.com\/product\/yoast-seo-wordpress\/ -->\n<title>Weltkindertag - Rights4Kids - Service des droits de l&#039;enfant<\/title>\n<meta name=\"robots\" content=\"index, follow, max-snippet:-1, max-image-preview:large, max-video-preview:-1\" \/>\n<link rel=\"canonical\" href=\"https:\/\/rights4kids.lu\/de\/weltkindertag\/\" \/>\n<meta property=\"og:locale\" content=\"de_DE\" \/>\n<meta property=\"og:type\" content=\"article\" \/>\n<meta property=\"og:title\" content=\"Weltkindertag - Rights4Kids - Service des droits de l&#039;enfant\" \/>\n<meta property=\"og:url\" content=\"https:\/\/rights4kids.lu\/de\/weltkindertag\/\" \/>\n<meta property=\"og:site_name\" content=\"Rights4Kids\" \/>\n<meta property=\"article:modified_time\" content=\"2025-12-24T09:41:51+00:00\" \/>\n<meta property=\"og:image\" content=\"https:\/\/rights4kids.lu\/wp-content\/uploads\/2025\/07\/main_header_illust.png\" \/>\n\t<meta property=\"og:image:width\" content=\"563\" \/>\n\t<meta property=\"og:image:height\" content=\"479\" \/>\n\t<meta property=\"og:image:type\" content=\"image\/png\" \/>\n<meta name=\"twitter:card\" content=\"summary_large_image\" \/>\n<meta name=\"twitter:label1\" content=\"Gesch\u00e4tzte Lesezeit\" \/>\n\t<meta name=\"twitter:data1\" content=\"2\u00a0Minuten\" \/>\n<script type=\"application\/ld+json\" class=\"yoast-schema-graph\">{\"@context\":\"https:\/\/schema.org\",\"@graph\":[{\"@type\":\"WebPage\",\"@id\":\"https:\/\/rights4kids.lu\/de\/weltkindertag\/\",\"url\":\"https:\/\/rights4kids.lu\/de\/weltkindertag\/\",\"name\":\"Weltkindertag - Rights4Kids - Service des droits de l&#039;enfant\",\"isPartOf\":{\"@id\":\"https:\/\/rights4kids.lu\/de\/#website\"},\"datePublished\":\"2025-10-24T14:28:43+00:00\",\"dateModified\":\"2025-12-24T09:41:51+00:00\",\"breadcrumb\":{\"@id\":\"https:\/\/rights4kids.lu\/de\/weltkindertag\/#breadcrumb\"},\"inLanguage\":\"de\",\"potentialAction\":[{\"@type\":\"ReadAction\",\"target\":[\"https:\/\/rights4kids.lu\/de\/weltkindertag\/\"]}]},{\"@type\":\"BreadcrumbList\",\"@id\":\"https:\/\/rights4kids.lu\/de\/weltkindertag\/#breadcrumb\",\"itemListElement\":[{\"@type\":\"ListItem\",\"position\":1,\"name\":\"Home\",\"item\":\"https:\/\/rights4kids.lu\/de\/home-de\/\"},{\"@type\":\"ListItem\",\"position\":2,\"name\":\"Weltkindertag\"}]},{\"@type\":\"WebSite\",\"@id\":\"https:\/\/rights4kids.lu\/de\/#website\",\"url\":\"https:\/\/rights4kids.lu\/de\/\",\"name\":\"Minist\u00e8re de l'\u00c9ducation nationale, de l'Enfance et de la Jeunesse\",\"description\":\"Service des droits de l&#039;enfant\",\"publisher\":{\"@id\":\"https:\/\/rights4kids.lu\/de\/#organization\"},\"potentialAction\":[{\"@type\":\"SearchAction\",\"target\":{\"@type\":\"EntryPoint\",\"urlTemplate\":\"https:\/\/rights4kids.lu\/de\/?s={search_term_string}\"},\"query-input\":{\"@type\":\"PropertyValueSpecification\",\"valueRequired\":true,\"valueName\":\"search_term_string\"}}],\"inLanguage\":\"de\"},{\"@type\":\"Organization\",\"@id\":\"https:\/\/rights4kids.lu\/de\/#organization\",\"name\":\"Minist\u00e8re de l'\u00c9ducation nationale, de l'Enfance et de la Jeunesse\",\"url\":\"https:\/\/rights4kids.lu\/de\/\",\"logo\":{\"@type\":\"ImageObject\",\"inLanguage\":\"de\",\"@id\":\"https:\/\/rights4kids.lu\/de\/#\/schema\/logo\/image\/\",\"url\":\"https:\/\/rights4kids.lu\/wp-content\/uploads\/2025\/07\/gouv_menje_logo_hd.webp\",\"contentUrl\":\"https:\/\/rights4kids.lu\/wp-content\/uploads\/2025\/07\/gouv_menje_logo_hd.webp\",\"width\":600,\"height\":217,\"caption\":\"Minist\u00e8re de l'\u00c9ducation nationale, de l'Enfance et de la Jeunesse\"},\"image\":{\"@id\":\"https:\/\/rights4kids.lu\/de\/#\/schema\/logo\/image\/\"}}]}<\/script>\n<!-- \/ Yoast SEO plugin. -->","yoast_head_json":{"title":"Weltkindertag - Rights4Kids - Service des droits de l&#039;enfant","robots":{"index":"index","follow":"follow","max-snippet":"max-snippet:-1","max-image-preview":"max-image-preview:large","max-video-preview":"max-video-preview:-1"},"canonical":"https:\/\/rights4kids.lu\/de\/weltkindertag\/","og_locale":"de_DE","og_type":"article","og_title":"Weltkindertag - Rights4Kids - Service des droits de l&#039;enfant","og_url":"https:\/\/rights4kids.lu\/de\/weltkindertag\/","og_site_name":"Rights4Kids","article_modified_time":"2025-12-24T09:41:51+00:00","og_image":[{"width":563,"height":479,"url":"https:\/\/rights4kids.lu\/wp-content\/uploads\/2025\/07\/main_header_illust.png","type":"image\/png"}],"twitter_card":"summary_large_image","twitter_misc":{"Gesch\u00e4tzte Lesezeit":"2\u00a0Minuten"},"schema":{"@context":"https:\/\/schema.org","@graph":[{"@type":"WebPage","@id":"https:\/\/rights4kids.lu\/de\/weltkindertag\/","url":"https:\/\/rights4kids.lu\/de\/weltkindertag\/","name":"Weltkindertag - Rights4Kids - Service des droits de l&#039;enfant","isPartOf":{"@id":"https:\/\/rights4kids.lu\/de\/#website"},"datePublished":"2025-10-24T14:28:43+00:00","dateModified":"2025-12-24T09:41:51+00:00","breadcrumb":{"@id":"https:\/\/rights4kids.lu\/de\/weltkindertag\/#breadcrumb"},"inLanguage":"de","potentialAction":[{"@type":"ReadAction","target":["https:\/\/rights4kids.lu\/de\/weltkindertag\/"]}]},{"@type":"BreadcrumbList","@id":"https:\/\/rights4kids.lu\/de\/weltkindertag\/#breadcrumb","itemListElement":[{"@type":"ListItem","position":1,"name":"Home","item":"https:\/\/rights4kids.lu\/de\/home-de\/"},{"@type":"ListItem","position":2,"name":"Weltkindertag"}]},{"@type":"WebSite","@id":"https:\/\/rights4kids.lu\/de\/#website","url":"https:\/\/rights4kids.lu\/de\/","name":"Minist\u00e8re de l'\u00c9ducation nationale, de l'Enfance et de la Jeunesse","description":"Service des droits de l&#039;enfant","publisher":{"@id":"https:\/\/rights4kids.lu\/de\/#organization"},"potentialAction":[{"@type":"SearchAction","target":{"@type":"EntryPoint","urlTemplate":"https:\/\/rights4kids.lu\/de\/?s={search_term_string}"},"query-input":{"@type":"PropertyValueSpecification","valueRequired":true,"valueName":"search_term_string"}}],"inLanguage":"de"},{"@type":"Organization","@id":"https:\/\/rights4kids.lu\/de\/#organization","name":"Minist\u00e8re de l'\u00c9ducation nationale, de l'Enfance et de la Jeunesse","url":"https:\/\/rights4kids.lu\/de\/","logo":{"@type":"ImageObject","inLanguage":"de","@id":"https:\/\/rights4kids.lu\/de\/#\/schema\/logo\/image\/","url":"https:\/\/rights4kids.lu\/wp-content\/uploads\/2025\/07\/gouv_menje_logo_hd.webp","contentUrl":"https:\/\/rights4kids.lu\/wp-content\/uploads\/2025\/07\/gouv_menje_logo_hd.webp","width":600,"height":217,"caption":"Minist\u00e8re de l'\u00c9ducation nationale, de l'Enfance et de la Jeunesse"},"image":{"@id":"https:\/\/rights4kids.lu\/de\/#\/schema\/logo\/image\/"}}]}},"_links":{"self":[{"href":"https:\/\/rights4kids.lu\/de\/wp-json\/wp\/v2\/pages\/1491","targetHints":{"allow":["GET"]}}],"collection":[{"href":"https:\/\/rights4kids.lu\/de\/wp-json\/wp\/v2\/pages"}],"about":[{"href":"https:\/\/rights4kids.lu\/de\/wp-json\/wp\/v2\/types\/page"}],"author":[{"embeddable":true,"href":"https:\/\/rights4kids.lu\/de\/wp-json\/wp\/v2\/users\/1"}],"replies":[{"embeddable":true,"href":"https:\/\/rights4kids.lu\/de\/wp-json\/wp\/v2\/comments?post=1491"}],"version-history":[{"count":2,"href":"https:\/\/rights4kids.lu\/de\/wp-json\/wp\/v2\/pages\/1491\/revisions"}],"predecessor-version":[{"id":1494,"href":"https:\/\/rights4kids.lu\/de\/wp-json\/wp\/v2\/pages\/1491\/revisions\/1494"}],"wp:attachment":[{"href":"https:\/\/rights4kids.lu\/de\/wp-json\/wp\/v2\/media?parent=1491"}],"curies":[{"name":"wp","href":"https:\/\/api.w.org\/{rel}","templated":true}]}}